{"id":331,"date":"2025-09-01T22:59:23","date_gmt":"2025-09-01T19:59:23","guid":{"rendered":"https:\/\/www.orhanucal.com\/tr\/?page_id=331"},"modified":"2025-09-01T23:01:37","modified_gmt":"2025-09-01T20:01:37","slug":"kisisel-verilerin-korunmasi-ve-islenmesi-hakkinda-genel-aydinlatma-metni","status":"publish","type":"page","link":"https:\/\/www.orhanucal.com\/tr\/kisisel-verilerin-korunmasi-ve-islenmesi-hakkinda-genel-aydinlatma-metni\/","title":{"rendered":"K\u0130\u015e\u0130SEL VER\u0130LER\u0130N KORUNMASI VE \u0130\u015eLENMES\u0130 HAKKINDA GENEL AYDINLATMA METN\u0130"},"content":{"rendered":"<p class=\"Gvde\">DR. YUSUF ORHAN U\u00c7AL (DR. Y.O.U. RHINOCLINIC) (\u201cDr. Y.O.U\u201d veya \u201cKlinik\u201d) olarak ki\u015fisel verilerinizin g\u00fcvenli\u011fi hususuna azami hassasiyet g\u00f6stermekteyiz. Bu bilin\u00e7le, Klinik\u2019in etkile\u015fim i\u00e7erisine oldu\u011fu ger\u00e7ek ki\u015filere ait ki\u015fisel verilerin 6698 say\u0131l\u0131 Ki\u015fisel Verilerin Korunmas\u0131 Kanunu (\u201cKanun\u201d)\u2019na, Kanun\u2019a ba\u011fl\u0131 y\u00fcr\u00fcrl\u00fc\u011fe koyulan ve koyulacak ikincil d\u00fczenlemelere (y\u00f6netmelik, tebli\u011f, genelge) ve ba\u011flay\u0131c\u0131 nitelikteki Ki\u015fisel Verileri Koruma Kurul\u2019u taraf\u0131ndan al\u0131nm\u0131\u015f ve al\u0131nacak kararlara uygun olarak i\u015flenerek, muhafaza edilmesine b\u00fcy\u00fck \u00f6nem atfetmekteyiz. Bu sorumlulu\u011fumuzun tam idraki ile Kanun\u2019da tan\u0131ml\u0131 \u015fekli ile \u201cVeri Sorumlusu\u201d s\u0131fat\u0131yla, ki\u015fisel verilerinizi a\u015fa\u011f\u0131da izah edildi\u011fi surette ve mevzuat taraf\u0131ndan emredilen s\u0131n\u0131rlar \u00e7er\u00e7evesinde i\u015flemekteyiz.<\/p>\n<p><b>1. Veri Sorumlusuna \u0130li\u015fkin Bilgiler<\/b><br \/>\nKanun uyar\u0131nca \u015fekilde K\u00fc\u00e7\u00fckbakkalk\u00f6y Mh. Dudullu Cd. No:23-25B Brandium Residence R2 Blok Kat:10 Daire:97-98, 34788 Ata\u015fehir\/\u0130stanbul adresinde mukim DR. YUSUF ORHAN U\u00c7AL (DR. Y.O.U. RHINOCLINIC) Veri Sorumlusudur.<\/p>\n<p><b>2. Ki\u015fisel Verilerin \u0130\u015flenme Ama\u00e7lar\u0131<\/b><br \/>\nKi\u015fisel verileriniz Klinik taraf\u0131ndan; Klinik\u2019in y\u00fcr\u00fctt\u00fc\u011f\u00fc ticari faaliyetlerin mevzuata ve Klinik politikalar\u0131na uygun olarak yerine getirilmesi i\u00e7in Klinik\u2019in i\u015f birimleri taraf\u0131ndan gerekli \u00e7al\u0131\u015fmalar\u0131n yap\u0131lmas\u0131 ve bu do\u011frultuda faaliyetlerin y\u00fcr\u00fct\u00fclmesi, Klinik\u2019in k\u0131sa, orta ve uzun vadede ticari politikalar\u0131n\u0131n tespit edilmesi, planlanmas\u0131 ve uygulanmas\u0131, Klinik\u2019in insan kaynaklar\u0131 faaliyetlerinin tasarlanmas\u0131 ve y\u00fcr\u00fct\u00fclmesi, Klinik\u2019in ilgili mevzuattan do\u011fan y\u00fck\u00fcml\u00fcl\u00fcklerin yerine getirilmesi, hasta ili\u015fkileri ve kurumsal ileti\u015fim s\u00fcre\u00e7lerinin y\u00f6netilmesi ve Klinik\u2019in i\u015f ili\u015fkisi i\u00e7erisinde oldu\u011fu ger\u00e7ek ve t\u00fczel ki\u015filerin ticari ve hukuki emniyetinin sa\u011flanmas\u0131 ama\u00e7lar\u0131yla Kanun\u2019da belirtilen s\u0131n\u0131rlar \u00e7er\u00e7evesinde hukuka, d\u00fcr\u00fcstl\u00fck kurallar\u0131na uygun ve i\u015fbu ama\u00e7larla her daim ba\u011flant\u0131l\u0131, s\u0131n\u0131rl\u0131 ve \u00f6l\u00e7\u00fcl\u00fc \u015fekilde i\u015flenmektedir.<\/p>\n<p><b>3. Ki\u015fisel Verilerin Aktar\u0131lmas\u0131<\/b><br \/>\nKi\u015fisel verileriniz yukar\u0131da belirtilen ama\u00e7lar dahilinde, Kanun\u2019un 8. ve 9. maddesinde belirtilen \u015fartlara uygun olarak ba\u015fta kanunen yetkili sa\u011fl\u0131k kurulu\u015flar\u0131na, kamu kurulu\u015flar\u0131na, adli ve idari makamlara, sair mevzuatta izin verilen \u00f6zel hukuk t\u00fczel ve ger\u00e7ek ki\u015filerine, Klinik\u2019i denetime yetkili kurum ve kurulu\u015flara, \u00f6demelerin ve mali y\u00fck\u00fcml\u00fcl\u00fcklerin yerine getirilmesi ad\u0131na anla\u015fmal\u0131 olunan \u00f6deme kurulu\u015flar\u0131na, Klinik\u2019in faaliyetlerinin y\u00fcr\u00fct\u00fclmesi ve geli\u015ftirilmesi i\u00e7in hizmet al\u0131nan veya i\u015fbirli\u011fi i\u00e7erisinde olunan i\u015f ortaklar\u0131na ve sadece gerekti\u011finde Klinik\u2019in tedarik\u00e7ilerine, bize e-posta yoluyla ula\u015fman\u0131z halinde ise e-posta sunucular\u0131n\u0131n yurt d\u0131\u015f\u0131nda olmas\u0131 sebebiyle yurt d\u0131\u015f\u0131na, usul\u00fcne uygun d\u00fczenlenmi\u015f vekaletname kapsam\u0131nda yetkili k\u0131l\u0131nan avukatlara, Kanun\u2019da belirtilen veri g\u00fcvenli\u011fi tedbirleri al\u0131nmak suretiyle aktar\u0131lmaktad\u0131r.<\/p>\n<p><b>4. Ki\u015fisel Verilerin Toplanma Y\u00f6ntemi ve Hukuki Sebebi<\/b><br \/>\nKi\u015fisel verileriniz, Klinik\u2019in yetkili birim ve \u00e7al\u0131\u015fanlar\u0131 taraf\u0131ndan otomatik ve otomatik olmayan y\u00f6ntemlerle, s\u00f6zl\u00fc, yaz\u0131l\u0131 veya elektronik ortamda toplanmaktad\u0131r. Bu kapsamda kimlik, ileti\u015fim, \u00f6zl\u00fck, hukuki i\u015flem, hasta i\u015flem, sa\u011fl\u0131k verisi, fiziksel mek\u00e2n g\u00fcvenli\u011fi, i\u015flem g\u00fcvenli\u011fi, risk y\u00f6netimi, finans, mesleki deneyim, pazarlama, g\u00f6rsel ve i\u015fitsel kay\u0131tlar kategorisinde yer alan ki\u015fisel veriler; Kanun\u2019un 5. Maddesinin ikinci f\u0131kras\u0131nda g\u00f6sterilen bir s\u00f6zle\u015fmenin kurulmas\u0131 veya ifas\u0131yla do\u011frudan do\u011fruya ilgili olmas\u0131ndan dolay\u0131 s\u00f6zle\u015fmenin taraflar\u0131na ait ki\u015fisel verilerin i\u015flenmesinin zorunlu olmas\u0131, veri sorumlusunun hukuki y\u00fck\u00fcml\u00fcl\u00fc\u011f\u00fcn\u00fc yerine getirebilmesi i\u00e7in veri i\u015flemenin zorunlu olmas\u0131, ilgili ki\u015finin kendisi taraf\u0131ndan alenile\u015ftirilmi\u015f olmas\u0131 ve ilgili ki\u015finin temel hak ve \u00f6zg\u00fcrl\u00fcklerinize zarar vermemek kayd\u0131yla Klinik\u2019in me\u015fru menfaatleri i\u00e7in veri i\u015flemenin zorunlu olmas\u0131, Kanun\u2019un 6. Maddesinin \u00fc\u00e7\u00fcnc\u00fc f\u0131kras\u0131nda g\u00f6sterilen sa\u011fl\u0131k ve cinsel hayata ili\u015fkin ki\u015fisel verilerin kamu sa\u011fl\u0131\u011f\u0131n\u0131n korunmas\u0131, koruyucu hekimlik, t\u0131bb\u00ee te\u015fhis, tedavi ve bak\u0131m hizmetlerinin y\u00fcr\u00fct\u00fclmesi amac\u0131yla, s\u0131r saklama y\u00fck\u00fcml\u00fcl\u00fc\u011f\u00fc alt\u0131nda bulunan ki\u015filer taraf\u0131ndan a\u00e7\u0131k r\u0131za olmadan i\u015flenmesi hukuki sebeplerine dayal\u0131 olarak i\u015flenmektedir.<\/p>\n<p><b>5. Veri Sahiplerinin Kanun Kapsam\u0131ndaki Haklar\u0131<\/b><\/p>\n<ul>\n<li>Diledi\u011finiz zaman Klinik\u2019e ba\u015fvurarak;<\/li>\n<li>Ki\u015fisel verilerinizin i\u015flenip i\u015flenmedi\u011fini \u00f6\u011frenme,<\/li>\n<li>Ki\u015fisel verileriniz i\u015flenmi\u015fse buna ili\u015fkin bilgi talep etme,<\/li>\n<li>Ki\u015fisel verilerinizin i\u015flenme amac\u0131n\u0131 ve bunlar\u0131n amac\u0131na uygun kullan\u0131l\u0131p kullan\u0131lmad\u0131\u011f\u0131n\u0131 \u00f6\u011frenme,<\/li>\n<li>Yurt i\u00e7inde veya yurt d\u0131\u015f\u0131nda ki\u015fisel verilerinizin aktar\u0131ld\u0131\u011f\u0131 \u00fc\u00e7\u00fcnc\u00fc ki\u015fileri bilme,<\/li>\n<li>Ki\u015fisel verilerinizin eksik veya yanl\u0131\u015f i\u015flenmi\u015f olmas\u0131 h\u00e2linde bunlar\u0131n d\u00fczeltilmesini isteme,<\/li>\n<li>Kanun\u2019un 7. maddesinde \u00f6ng\u00f6r\u00fclen \u015fartlar \u00e7er\u00e7evesinde ki\u015fisel verilerin silinmesini veya yok edilmesini isteme,<\/li>\n<li>Kanun\u2019un 11. maddesinin (d) ve (e) bentleri uyar\u0131nca yap\u0131lan i\u015flemlerin, ki\u015fisel verilerinizin aktar\u0131ld\u0131\u011f\u0131 \u00fc\u00e7\u00fcnc\u00fc ki\u015filere bildirilmesini isteme,<\/li>\n<li>\u0130\u015flenen verilerinizin m\u00fcnhas\u0131ran otomatik sistemler vas\u0131tas\u0131yla analiz edilmesi suretiyle kendiniz aleyhine bir sonucun ortaya \u00e7\u0131kmas\u0131na itiraz etme,<\/li>\n<li>Ki\u015fisel verilerinizin kanuna ayk\u0131r\u0131 olarak i\u015flenmesi sebebiyle zarara u\u011framan\u0131z h\u00e2linde zarar\u0131n giderilmesini talep etme,<\/li>\n<\/ul>\n<p>Haklar\u0131n\u0131z\u0131 kullanmay\u0131 talep edebilirsiniz. Haklar\u0131n\u0131za ve Kanunun uygulanmas\u0131na ili\u015fkin taleplerinizi, i\u015fyerinden veya\u00a0<a href=\"https:\/\/www.orhanucal.com\/tr\/ek-7-basvuru-formu.docx\">https:\/\/orhanucal.com\/<\/a>\u00a0adresinden temin edebilece\u011finiz\u00a0<a href=\"https:\/\/www.orhanucal.com\/tr\/ek-7-basvuru-formu.docx\" target=\"_blank\" rel=\"attachment noopener wp-att-519 noreferrer\">Ba\u015fvuru Formu<\/a>\u00a0\u2018nu\u00a0doldurarak \u0131slak imzal\u0131 \u015fekilde K\u00fc\u00e7\u00fckbakkalk\u00f6y Mh. Dudullu Cd. No:23-25B Brandium Residence R2 Blok Kat:10 Daire:97-98, 34788 Ata\u015fehir\/\u0130stanbul adresine noter kanal\u0131yla, iadeli taahh\u00fctl\u00fc posta yoluyla veya \u015fahsi ba\u015fvurunuzla ya da elektronik ortamda doldurdu\u011funuz ba\u015fvuru formunu mobil imzan\u0131zla, g\u00fcvenli elektronik imzan\u0131zla imzalad\u0131ktan sonra KEP adresinizi veya Klinik\u2019in veri kay\u0131t sisteminde halihaz\u0131rda kay\u0131tl\u0131 olan e-posta adresinizi kullanarak info@orhanucal.com adresine iletebilirsiniz. Klinik, bu kapsamdaki taleplere yaz\u0131l\u0131 olarak cevap verilecekse, on sayfaya kadar \u00fccret almadan; on sayfan\u0131n \u00fczerindeki her sayfa i\u00e7in 1 T\u00fcrk Liras\u0131 i\u015flem \u00fccreti alarak yan\u0131tland\u0131racakt\u0131r. Ba\u015fvuruya cevab\u0131n CD, flash bellek gibi bir kay\u0131t ortam\u0131nda verilmesi halinde Klinik taraf\u0131ndan talep edilebilecek \u00fccret kay\u0131t ortam\u0131n\u0131n maliyetini ge\u00e7emeyecektir.<\/p>\n<p>DR. YUSUF ORHAN U\u00c7AL (DR. Y.O.U. RHINOCLINIC)<\/p>\n<p><a href=\"https:\/\/www.orhanucal.com\/tr\/kisisel-verileri-saklama-ve-imha-politikamiz\/\">Ki\u015fisel Verileri Saklama ve \u0130mha Politikam\u0131z hakk\u0131nda daha ayr\u0131nt\u0131l\u0131 bilgi i\u00e7in t\u0131klay\u0131n\u0131z.<\/a><\/p>\n","protected":false},"excerpt":{"rendered":"<p>DR. YUSUF ORHAN U\u00c7AL (DR. Y.O.U. RHINOCLINIC) (\u201cDr. Y.O.U\u201d veya \u201cKlinik\u201d) olarak ki\u015fisel verilerinizin g\u00fcvenli\u011fi hususuna azami hassasiyet g\u00f6stermekteyiz. Bu bilin\u00e7le, Klinik\u2019in etkile\u015fim i\u00e7erisine oldu\u011fu ger\u00e7ek ki\u015filere ait ki\u015fisel verilerin 6698 say\u0131l\u0131 Ki\u015fisel Verilerin Korunmas\u0131 Kanunu (\u201cKanun\u201d)\u2019na, Kanun\u2019a ba\u011fl\u0131 y\u00fcr\u00fcrl\u00fc\u011fe koyulan ve koyulacak ikincil d\u00fczenlemelere (y\u00f6netmelik, tebli\u011f, genelge) ve ba\u011flay\u0131c\u0131 nitelikteki Ki\u015fisel Verileri Koruma Kurul\u2019u [&hellip;]<\/p>\n","protected":false},"author":1,"featured_media":0,"parent":0,"menu_order":0,"comment_status":"closed","ping_status":"closed","template":"","meta":{"footnotes":""},"class_list":["post-331","page","type-page","status-publish","hentry"],"_links":{"self":[{"href":"https:\/\/www.orhanucal.com\/tr\/wp-json\/wp\/v2\/pages\/331","targetHints":{"allow":["GET"]}}],"collection":[{"href":"https:\/\/www.orhanucal.com\/tr\/wp-json\/wp\/v2\/pages"}],"about":[{"href":"https:\/\/www.orhanucal.com\/tr\/wp-json\/wp\/v2\/types\/page"}],"author":[{"embeddable":true,"href":"https:\/\/www.orhanucal.com\/tr\/wp-json\/wp\/v2\/users\/1"}],"replies":[{"embeddable":true,"href":"https:\/\/www.orhanucal.com\/tr\/wp-json\/wp\/v2\/comments?post=331"}],"version-history":[{"count":4,"href":"https:\/\/www.orhanucal.com\/tr\/wp-json\/wp\/v2\/pages\/331\/revisions"}],"predecessor-version":[{"id":337,"href":"https:\/\/www.orhanucal.com\/tr\/wp-json\/wp\/v2\/pages\/331\/revisions\/337"}],"wp:attachment":[{"href":"https:\/\/www.orhanucal.com\/tr\/wp-json\/wp\/v2\/media?parent=331"}],"curies":[{"name":"wp","href":"https:\/\/api.w.org\/{rel}","templated":true}]}}