{"id":42,"date":"2025-06-11T14:55:16","date_gmt":"2025-06-11T11:55:16","guid":{"rendered":"https:\/\/www.orhanucal.com\/tr\/?page_id=42"},"modified":"2025-06-24T19:42:06","modified_gmt":"2025-06-24T16:42:06","slug":"iletisim","status":"publish","type":"page","link":"https:\/\/www.orhanucal.com\/tr\/iletisim\/","title":{"rendered":"\u0130leti\u015fim"},"content":{"rendered":"<p><strong>Adres:<\/strong> K\u00fc\u00e7\u00fckbakkalk\u00f6y Mh. Dudullu Cad. Brandium Residence R2 Blok Kat:2 Daire:97-98 Ata\u015fehir\/\u0130stanbul<\/p>\n<p><strong>Telefon: <\/strong><a href=\"tel:+90 216 909 4131\">+90 216 909 4131<\/a><\/p>\n<p><strong>Whatsapp \u0130leti\u015fim:<\/strong> <a href=\"https:\/\/api.whatsapp.com\/send?phone=905465130695&amp;text=Merhabalar, websiteniz \u00fczerinden ula\u015f\u0131yorum. Konu hakk\u0131nda detayl\u0131 bilgi almak istiyorum.\" target=\"_blank\" rel=\"noopener\">+90 546 513 06 95<\/a><\/p>\n<p><strong>E-Posta:<\/strong> <a href=\"mailto:info@orhanucal.com\">info@orhanucal.com<\/a><\/p>\n<p><iframe loading=\"lazy\" style=\"border: 0;\" src=\"https:\/\/www.google.com\/maps\/embed?pb=!1m18!1m12!1m3!1d3011.985672572257!2d29.129641357902525!3d40.98179456471804!2m3!1f0!2f0!3f0!3m2!1i1024!2i768!4f13.1!3m3!1m2!1s0x14cac6045440e83b%3A0x6ebe857aa7bde721!2sOp.%20Dr.%20Yusuf%20Orhan%20U%C3%87AL%20-%20Burun%20Esteti%C4%9Fi%20I%20Botoks%20%26%20Botox%20I%20Dolgu%20Uygulamalar%C4%B1!5e0!3m2!1str!2str!4v1580801099399!5m2!1str!2str\" width=\"100%\" height=\"450\" frameborder=\"0\" allowfullscreen=\"allowfullscreen\"><\/iframe><\/p>\n","protected":false},"excerpt":{"rendered":"<p>Adres: K\u00fc\u00e7\u00fckbakkalk\u00f6y Mh. Dudullu Cad. Brandium Residence R2 Blok Kat:2 Daire:97-98 Ata\u015fehir\/\u0130stanbul Telefon: +90 216 909 4131 Whatsapp \u0130leti\u015fim: +90 546 513 06 95 E-Posta: info@orhanucal.com<\/p>\n","protected":false},"author":1,"featured_media":0,"parent":0,"menu_order":0,"comment_status":"closed","ping_status":"closed","template":"template\/iletisim.php","meta":{"footnotes":""},"class_list":["post-42","page","type-page","status-publish","hentry"],"_links":{"self":[{"href":"https:\/\/www.orhanucal.com\/tr\/wp-json\/wp\/v2\/pages\/42","targetHints":{"allow":["GET"]}}],"collection":[{"href":"https:\/\/www.orhanucal.com\/tr\/wp-json\/wp\/v2\/pages"}],"about":[{"href":"https:\/\/www.orhanucal.com\/tr\/wp-json\/wp\/v2\/types\/page"}],"author":[{"embeddable":true,"href":"https:\/\/www.orhanucal.com\/tr\/wp-json\/wp\/v2\/users\/1"}],"replies":[{"embeddable":true,"href":"https:\/\/www.orhanucal.com\/tr\/wp-json\/wp\/v2\/comments?post=42"}],"version-history":[{"count":6,"href":"https:\/\/www.orhanucal.com\/tr\/wp-json\/wp\/v2\/pages\/42\/revisions"}],"predecessor-version":[{"id":241,"href":"https:\/\/www.orhanucal.com\/tr\/wp-json\/wp\/v2\/pages\/42\/revisions\/241"}],"wp:attachment":[{"href":"https:\/\/www.orhanucal.com\/tr\/wp-json\/wp\/v2\/media?parent=42"}],"curies":[{"name":"wp","href":"https:\/\/api.w.org\/{rel}","templated":true}]}}